{"id":7629,"date":"2021-05-25T11:48:40","date_gmt":"2021-05-25T11:48:40","guid":{"rendered":"https:\/\/themetechmount.com\/wordpress\/inoterior\/?page_id=7629"},"modified":"2022-11-04T11:53:49","modified_gmt":"2022-11-04T11:53:49","slug":"our-team","status":"publish","type":"page","link":"https:\/\/www.dekolab.com\/?page_id=7629","title":{"rendered":"Ekibimiz"},"content":{"rendered":"\t\t<div data-elementor-type=\"wp-page\" data-elementor-id=\"7629\" class=\"elementor elementor-7629\">\n\t\t\t\t\t\t\t\t\t<section class=\"elementor-section elementor-top-section elementor-element elementor-element-00fef3d elementor-section-stretched tm-column-break-ipad-no tm-col-stretched-none elementor-section-boxed elementor-section-height-default elementor-section-height-default\" data-id=\"00fef3d\" data-element_type=\"section\" data-settings=\"{&quot;stretch_section&quot;:&quot;section-stretched&quot;}\">\n\t\t\t\t\t\t<div class=\"elementor-container elementor-column-gap-no\">\n\t\t\t\t\t<div class=\"elementor-column elementor-col-100 elementor-top-column elementor-element elementor-element-b200e66\" data-id=\"b200e66\" data-element_type=\"column\" data-settings=\"{&quot;background_background&quot;:&quot;slideshow&quot;,&quot;background_slideshow_gallery&quot;:[],&quot;background_slideshow_loop&quot;:&quot;yes&quot;,&quot;background_slideshow_slide_duration&quot;:5000,&quot;background_slideshow_slide_transition&quot;:&quot;fade&quot;,&quot;background_slideshow_transition_duration&quot;:500}\">\n\t\t\t<div class=\"elementor-widget-wrap elementor-element-populated\">\n\t\t\t\t\t\t\t\t<div class=\"elementor-element elementor-element-d8f5f0d tm-align-left elementor-widget elementor-widget-tm_team_element\" data-id=\"d8f5f0d\" data-element_type=\"widget\" data-widget_type=\"tm_team_element.default\">\n\t\t\t\t<div class=\"elementor-widget-container\">\n\t\t\t<div class=\"themetechmount-boxes themetechmount-boxes-team themetechmount-element-teambox-style2 themetechmount-boxes-view-default themetechmount-boxes-col-three themetechmount-boxes-gap-30px\" data-tm-show=\"8\" data-tm-loop=\"1\" data-tm-autoplay=\"0\" data-tm-centermode=\"0\" data-tm-nav=\"\" data-tm-dots=\"\" data-tm-slidestoscroll=\"\" data-tm-autoplayspeed=\"4500\" data-tm-margin=\"30px\"><div class=\"themetechmount-boxes-inner\">\n\t\t\t<div class=\"themetechmount-box-heading-wrapper tm-boxwithout-heading\">\n\t\t\t\t<div class=\"tm-element-heading-content-wrapper left-align  tm-seperator-none  tm-heading-style-vertical \"><div class=\"tm-content-header\"><\/div><\/div>\t\t\t\t\t\t\t<\/div>\n\n\t\t\t<div class=\"themetechmount-boxes-row-wrapper row multi-columns-row\">\n\n\t\t\t<div class=\"tm-box-col-wrapper   col-lg-4 col-sm-6 col-md-4 col-xs-12\"><article class=\"themetechmount-box themetechmount-box-team themetechmount-teambox-style2\">\n\t<div class=\"themetechmount-post-item\">\n\t\t<div class=\"themetechmount-team-image-box\">\n\t\t\t\t\n\t\t<span class=\"themetechmount-item-thumbnail\">\n\t\t\t<span class=\"themetechmount-item-thumbnail-inner\">\n\t\t\t\t<img loading=\"lazy\" decoding=\"async\" width=\"450\" height=\"500\" src=\"https:\/\/www.dekolab.com\/wp-content\/uploads\/2022\/07\/berna-450x500.jpg\" class=\"attachment-themetechmount-img-team-member size-themetechmount-img-team-member wp-post-image\" alt=\"\" data-id=\"11225\" \/>\n\t\t\t<\/span>\n\t\t<\/span>\t\t   <\/div>\n\t\t<div class=\"tm-member-social\">\n\t\t\t\t\n\t\t\t\t<div class=\"themetechmount-box-social-links\"><div class=\"tm-team-social-links-wrapper\"><ul class=\"tm-team-social-links\"><li><a href=\"#\" target=\"_blank\"><i class=\"tm-inoterior-icon-facebook\"><\/i><span class=\"tm-hide\">Facebook<\/span><\/a><\/li><li><a href=\"#\" target=\"_blank\"><i class=\"tm-inoterior-icon-twitter\"><\/i><span class=\"tm-hide\">Twitter<\/span><\/a><\/li><li><a href=\"#\" target=\"_blank\"><i class=\"tm-inoterior-icon-linkedin\"><\/i><span class=\"tm-hide\">LinkedIn<\/span><\/a><\/li><li><a href=\"#\" target=\"_blank\"><i class=\"tm-inoterior-icon-pinterest\"><\/i><span class=\"tm-hide\">Pinterest<\/span><\/a><\/li><\/ul> <!-- .tm-team-social-links --> <\/div> <!-- .tm-team-social-links-wrapper --> <\/div>\n\t\t<\/div>\n\t\t\t\n\t\t\n\t\t<div class=\"themetechmount-box-content\">\n\t\t\t<div class=\"themetechmount-innercontent-box\">\t\t\t\n\t\t\t\t<div class=\"themetechmount-team-position\">\n\t\t\t\t\t<div class=\"themetechmount-box-title\"><h4><a href=\"https:\/\/www.dekolab.com\/?tm_team_member=reshta-wann-2\">Berna Barut\u00e7u Dumanl\u0131<\/a><\/h4><\/div>\t\n\t\t\t\t\t\t<div class=\"themetechmount-team\">\n\t\t\t\t\t\tKurucu Mimar<\/div>\n\t\t\t\t<\/div>\n\t\t\t\t\t\n\t\t\t<\/div>\t\t\t\t\t\t\t\t\t\t\n\t\t<\/div>\t\t\n\t<\/div>\n<\/article>\n <\/div><div class=\"tm-box-col-wrapper   col-lg-4 col-sm-6 col-md-4 col-xs-12\"><article class=\"themetechmount-box themetechmount-box-team themetechmount-teambox-style2\">\n\t<div class=\"themetechmount-post-item\">\n\t\t<div class=\"themetechmount-team-image-box\">\n\t\t\t\t\n\t\t<span class=\"themetechmount-item-thumbnail\">\n\t\t\t<span class=\"themetechmount-item-thumbnail-inner\">\n\t\t\t\t<img loading=\"lazy\" decoding=\"async\" width=\"450\" height=\"500\" src=\"https:\/\/www.dekolab.com\/wp-content\/uploads\/2021\/04\/erdinc3-450x500.jpg\" class=\"attachment-themetechmount-img-team-member size-themetechmount-img-team-member wp-post-image\" alt=\"\" data-id=\"11340\" \/>\n\t\t\t<\/span>\n\t\t<\/span>\t\t   <\/div>\n\t\t<div class=\"tm-member-social\">\n\t\t\t\t\n\t\t\t\t<div class=\"themetechmount-box-social-links\"><div class=\"tm-team-social-links-wrapper\"><ul class=\"tm-team-social-links\"><li><a href=\"#\" target=\"_blank\"><i class=\"tm-inoterior-icon-facebook\"><\/i><span class=\"tm-hide\">Facebook<\/span><\/a><\/li><li><a href=\"#\" target=\"_blank\"><i class=\"tm-inoterior-icon-twitter\"><\/i><span class=\"tm-hide\">Twitter<\/span><\/a><\/li><li><a href=\"#\" target=\"_blank\"><i class=\"tm-inoterior-icon-linkedin\"><\/i><span class=\"tm-hide\">LinkedIn<\/span><\/a><\/li><li><a href=\"#\" target=\"_blank\"><i class=\"tm-inoterior-icon-pinterest\"><\/i><span class=\"tm-hide\">Pinterest<\/span><\/a><\/li><\/ul> <!-- .tm-team-social-links --> <\/div> <!-- .tm-team-social-links-wrapper --> <\/div>\n\t\t<\/div>\n\t\t\t\n\t\t\n\t\t<div class=\"themetechmount-box-content\">\n\t\t\t<div class=\"themetechmount-innercontent-box\">\t\t\t\n\t\t\t\t<div class=\"themetechmount-team-position\">\n\t\t\t\t\t<div class=\"themetechmount-box-title\"><h4><a href=\"https:\/\/www.dekolab.com\/?tm_team_member=alena-john\">Erdin\u00e7 Dumanl\u0131<\/a><\/h4><\/div>\t\n\t\t\t\t\t\t<div class=\"themetechmount-team\">\n\t\t\t\t\t\tMakine Y\u00fcksek M\u00fchendisi<\/div>\n\t\t\t\t<\/div>\n\t\t\t\t\t\n\t\t\t<\/div>\t\t\t\t\t\t\t\t\t\t\n\t\t<\/div>\t\t\n\t<\/div>\n<\/article>\n <\/div><div class=\"tm-box-col-wrapper   col-lg-4 col-sm-6 col-md-4 col-xs-12\"><article class=\"themetechmount-box themetechmount-box-team themetechmount-teambox-style2\">\n\t<div class=\"themetechmount-post-item\">\n\t\t<div class=\"themetechmount-team-image-box\">\n\t\t\t\t\n\t\t<span class=\"themetechmount-item-thumbnail\">\n\t\t\t<span class=\"themetechmount-item-thumbnail-inner\">\n\t\t\t\t<img loading=\"lazy\" decoding=\"async\" width=\"450\" height=\"500\" src=\"https:\/\/www.dekolab.com\/wp-content\/uploads\/2021\/04\/kisi-genel-450x500.jpg\" class=\"attachment-themetechmount-img-team-member size-themetechmount-img-team-member wp-post-image\" alt=\"\" data-id=\"11338\" \/>\n\t\t\t<\/span>\n\t\t<\/span>\t\t   <\/div>\n\t\t<div class=\"tm-member-social\">\n\t\t\t\t\n\t\t\t\t<div class=\"themetechmount-box-social-links\"><div class=\"tm-team-social-links-wrapper\"><ul class=\"tm-team-social-links\"><li><a href=\"#\" target=\"_blank\"><i class=\"tm-inoterior-icon-facebook\"><\/i><span class=\"tm-hide\">Facebook<\/span><\/a><\/li><li><a href=\"#\" target=\"_blank\"><i class=\"tm-inoterior-icon-twitter\"><\/i><span class=\"tm-hide\">Twitter<\/span><\/a><\/li><li><a href=\"#\" target=\"_blank\"><i class=\"tm-inoterior-icon-linkedin\"><\/i><span class=\"tm-hide\">LinkedIn<\/span><\/a><\/li><li><a href=\"#\" target=\"_blank\"><i class=\"tm-inoterior-icon-pinterest\"><\/i><span class=\"tm-hide\">Pinterest<\/span><\/a><\/li><\/ul> <!-- .tm-team-social-links --> <\/div> <!-- .tm-team-social-links-wrapper --> <\/div>\n\t\t<\/div>\n\t\t\t\n\t\t\n\t\t<div class=\"themetechmount-box-content\">\n\t\t\t<div class=\"themetechmount-innercontent-box\">\t\t\t\n\t\t\t\t<div class=\"themetechmount-team-position\">\n\t\t\t\t\t<div class=\"themetechmount-box-title\"><h4><a href=\"https:\/\/www.dekolab.com\/?tm_team_member=jack-martin\">Bur\u00e7in Usta<\/a><\/h4><\/div>\t\n\t\t\t\t\t\t<div class=\"themetechmount-team\">\n\t\t\t\t\t\tMimar<\/div>\n\t\t\t\t<\/div>\n\t\t\t\t\t\n\t\t\t<\/div>\t\t\t\t\t\t\t\t\t\t\n\t\t<\/div>\t\t\n\t<\/div>\n<\/article>\n <\/div><div class=\"tm-box-col-wrapper   col-lg-4 col-sm-6 col-md-4 col-xs-12\"><article class=\"themetechmount-box themetechmount-box-team themetechmount-teambox-style2\">\n\t<div class=\"themetechmount-post-item\">\n\t\t<div class=\"themetechmount-team-image-box\">\n\t\t\t\t\n\t\t<span class=\"themetechmount-item-thumbnail\">\n\t\t\t<span class=\"themetechmount-item-thumbnail-inner\">\n\t\t\t\t<img loading=\"lazy\" decoding=\"async\" width=\"450\" height=\"500\" src=\"https:\/\/www.dekolab.com\/wp-content\/uploads\/2021\/04\/kisi-genel-450x500.jpg\" class=\"attachment-themetechmount-img-team-member size-themetechmount-img-team-member wp-post-image\" alt=\"\" data-id=\"11338\" \/>\n\t\t\t<\/span>\n\t\t<\/span>\t\t   <\/div>\n\t\t<div class=\"tm-member-social\">\n\t\t\t\t\n\t\t\t\t<div class=\"themetechmount-box-social-links\"><div class=\"tm-team-social-links-wrapper\"><ul class=\"tm-team-social-links\"><li><a href=\"#\" target=\"_blank\"><i class=\"tm-inoterior-icon-facebook\"><\/i><span class=\"tm-hide\">Facebook<\/span><\/a><\/li><li><a href=\"#\" target=\"_blank\"><i class=\"tm-inoterior-icon-twitter\"><\/i><span class=\"tm-hide\">Twitter<\/span><\/a><\/li><li><a href=\"#\" target=\"_blank\"><i class=\"tm-inoterior-icon-linkedin\"><\/i><span class=\"tm-hide\">LinkedIn<\/span><\/a><\/li><li><a href=\"#\" target=\"_blank\"><i class=\"tm-inoterior-icon-pinterest\"><\/i><span class=\"tm-hide\">Pinterest<\/span><\/a><\/li><\/ul> <!-- .tm-team-social-links --> <\/div> <!-- .tm-team-social-links-wrapper --> <\/div>\n\t\t<\/div>\n\t\t\t\n\t\t\n\t\t<div class=\"themetechmount-box-content\">\n\t\t\t<div class=\"themetechmount-innercontent-box\">\t\t\t\n\t\t\t\t<div class=\"themetechmount-team-position\">\n\t\t\t\t\t<div class=\"themetechmount-box-title\"><h4><a href=\"https:\/\/www.dekolab.com\/?tm_team_member=amelia-daniel\">Bet\u00fcl Alio\u011flu<\/a><\/h4><\/div>\t\n\t\t\t\t\t\t<div class=\"themetechmount-team\">\n\t\t\t\t\t\tY. Mimar<\/div>\n\t\t\t\t<\/div>\n\t\t\t\t\t\n\t\t\t<\/div>\t\t\t\t\t\t\t\t\t\t\n\t\t<\/div>\t\t\n\t<\/div>\n<\/article>\n <\/div><div class=\"tm-box-col-wrapper   col-lg-4 col-sm-6 col-md-4 col-xs-12\"><article class=\"themetechmount-box themetechmount-box-team themetechmount-teambox-style2\">\n\t<div class=\"themetechmount-post-item\">\n\t\t<div class=\"themetechmount-team-image-box\">\n\t\t\t\t\n\t\t<span class=\"themetechmount-item-thumbnail\">\n\t\t\t<span class=\"themetechmount-item-thumbnail-inner\">\n\t\t\t\t<img loading=\"lazy\" decoding=\"async\" width=\"450\" height=\"500\" src=\"https:\/\/www.dekolab.com\/wp-content\/uploads\/2021\/03\/kisi-genel-450x500.jpg\" class=\"attachment-themetechmount-img-team-member size-themetechmount-img-team-member wp-post-image\" alt=\"\" data-id=\"11355\" \/>\n\t\t\t<\/span>\n\t\t<\/span>\t\t   <\/div>\n\t\t<div class=\"tm-member-social\">\n\t\t\t\t\n\t\t\t\t<div class=\"themetechmount-box-social-links\"><div class=\"tm-team-social-links-wrapper\"><ul class=\"tm-team-social-links\"><li><a href=\"#\" target=\"_blank\"><i class=\"tm-inoterior-icon-facebook\"><\/i><span class=\"tm-hide\">Facebook<\/span><\/a><\/li><li><a href=\"#\" target=\"_blank\"><i class=\"tm-inoterior-icon-twitter\"><\/i><span class=\"tm-hide\">Twitter<\/span><\/a><\/li><li><a href=\"#\" target=\"_blank\"><i class=\"tm-inoterior-icon-linkedin\"><\/i><span class=\"tm-hide\">LinkedIn<\/span><\/a><\/li><li><a href=\"#\" target=\"_blank\"><i class=\"tm-inoterior-icon-pinterest\"><\/i><span class=\"tm-hide\">Pinterest<\/span><\/a><\/li><\/ul> <!-- .tm-team-social-links --> <\/div> <!-- .tm-team-social-links-wrapper --> <\/div>\n\t\t<\/div>\n\t\t\t\n\t\t\n\t\t<div class=\"themetechmount-box-content\">\n\t\t\t<div class=\"themetechmount-innercontent-box\">\t\t\t\n\t\t\t\t<div class=\"themetechmount-team-position\">\n\t\t\t\t\t<div class=\"themetechmount-box-title\"><h4><a href=\"https:\/\/www.dekolab.com\/?tm_team_member=jessica-brown\">G\u00f6khan Sar\u0131<\/a><\/h4><\/div>\t\n\t\t\t\t\t\t<div class=\"themetechmount-team\">\n\t\t\t\t\t\tMakine M\u00fchendisi<\/div>\n\t\t\t\t<\/div>\n\t\t\t\t\t\n\t\t\t<\/div>\t\t\t\t\t\t\t\t\t\t\n\t\t<\/div>\t\t\n\t<\/div>\n<\/article>\n <\/div><div class=\"tm-box-col-wrapper   col-lg-4 col-sm-6 col-md-4 col-xs-12\"><article class=\"themetechmount-box themetechmount-box-team themetechmount-teambox-style2\">\n\t<div class=\"themetechmount-post-item\">\n\t\t<div class=\"themetechmount-team-image-box\">\n\t\t\t\t\n\t\t<span class=\"themetechmount-item-thumbnail\">\n\t\t\t<span class=\"themetechmount-item-thumbnail-inner\">\n\t\t\t\t<img loading=\"lazy\" decoding=\"async\" width=\"450\" height=\"500\" src=\"https:\/\/www.dekolab.com\/wp-content\/uploads\/2021\/03\/kisi-genel-450x500.jpg\" class=\"attachment-themetechmount-img-team-member size-themetechmount-img-team-member wp-post-image\" alt=\"\" data-id=\"11355\" \/>\n\t\t\t<\/span>\n\t\t<\/span>\t\t   <\/div>\n\t\t<div class=\"tm-member-social\">\n\t\t\t\t\n\t\t\t\t<div class=\"themetechmount-box-social-links\"><div class=\"tm-team-social-links-wrapper\"><ul class=\"tm-team-social-links\"><li><a href=\"#\" target=\"_blank\"><i class=\"tm-inoterior-icon-facebook\"><\/i><span class=\"tm-hide\">Facebook<\/span><\/a><\/li><li><a href=\"#\" target=\"_blank\"><i class=\"tm-inoterior-icon-twitter\"><\/i><span class=\"tm-hide\">Twitter<\/span><\/a><\/li><li><a href=\"#\" target=\"_blank\"><i class=\"tm-inoterior-icon-linkedin\"><\/i><span class=\"tm-hide\">LinkedIn<\/span><\/a><\/li><li><a href=\"#\" target=\"_blank\"><i class=\"tm-inoterior-icon-pinterest\"><\/i><span class=\"tm-hide\">Pinterest<\/span><\/a><\/li><\/ul> <!-- .tm-team-social-links --> <\/div> <!-- .tm-team-social-links-wrapper --> <\/div>\n\t\t<\/div>\n\t\t\t\n\t\t\n\t\t<div class=\"themetechmount-box-content\">\n\t\t\t<div class=\"themetechmount-innercontent-box\">\t\t\t\n\t\t\t\t<div class=\"themetechmount-team-position\">\n\t\t\t\t\t<div class=\"themetechmount-box-title\"><h4><a href=\"https:\/\/www.dekolab.com\/?tm_team_member=david-coper\">Burhan Aksaman<\/a><\/h4><\/div>\t\n\t\t\t\t\t\t<div class=\"themetechmount-team\">\n\t\t\t\t\t\tTeknik Personel<\/div>\n\t\t\t\t<\/div>\n\t\t\t\t\t\n\t\t\t<\/div>\t\t\t\t\t\t\t\t\t\t\n\t\t<\/div>\t\t\n\t<\/div>\n<\/article>\n <\/div><div class=\"tm-box-col-wrapper   col-lg-4 col-sm-6 col-md-4 col-xs-12\"><article class=\"themetechmount-box themetechmount-box-team themetechmount-teambox-style2\">\n\t<div class=\"themetechmount-post-item\">\n\t\t<div class=\"themetechmount-team-image-box\">\n\t\t\t\t\n\t\t<span class=\"themetechmount-item-thumbnail\">\n\t\t\t<span class=\"themetechmount-item-thumbnail-inner\">\n\t\t\t\t<img loading=\"lazy\" decoding=\"async\" width=\"450\" height=\"500\" src=\"https:\/\/www.dekolab.com\/wp-content\/uploads\/2021\/04\/kisi-genel-450x500.jpg\" class=\"attachment-themetechmount-img-team-member size-themetechmount-img-team-member wp-post-image\" alt=\"\" data-id=\"11338\" \/>\n\t\t\t<\/span>\n\t\t<\/span>\t\t   <\/div>\n\t\t<div class=\"tm-member-social\">\n\t\t\t\t\n\t\t\t\t<div class=\"themetechmount-box-social-links\"><div class=\"tm-team-social-links-wrapper\"><ul class=\"tm-team-social-links\"><li><a href=\"#\" target=\"_blank\"><i class=\"tm-inoterior-icon-facebook\"><\/i><span class=\"tm-hide\">Facebook<\/span><\/a><\/li><li><a href=\"#\" target=\"_blank\"><i class=\"tm-inoterior-icon-twitter\"><\/i><span class=\"tm-hide\">Twitter<\/span><\/a><\/li><li><a href=\"#\" target=\"_blank\"><i class=\"tm-inoterior-icon-linkedin\"><\/i><span class=\"tm-hide\">LinkedIn<\/span><\/a><\/li><li><a href=\"#\" target=\"_blank\"><i class=\"tm-inoterior-icon-pinterest\"><\/i><span class=\"tm-hide\">Pinterest<\/span><\/a><\/li><\/ul> <!-- .tm-team-social-links --> <\/div> <!-- .tm-team-social-links-wrapper --> <\/div>\n\t\t<\/div>\n\t\t\t\n\t\t\n\t\t<div class=\"themetechmount-box-content\">\n\t\t\t<div class=\"themetechmount-innercontent-box\">\t\t\t\n\t\t\t\t<div class=\"themetechmount-team-position\">\n\t\t\t\t\t<div class=\"themetechmount-box-title\"><h4><a href=\"https:\/\/www.dekolab.com\/?tm_team_member=joel-lou\">Dursun \u015eahin<\/a><\/h4><\/div>\t\n\t\t\t\t\t\t<div class=\"themetechmount-team\">\n\t\t\t\t\t\tTeknik Personel<\/div>\n\t\t\t\t<\/div>\n\t\t\t\t\t\n\t\t\t<\/div>\t\t\t\t\t\t\t\t\t\t\n\t\t<\/div>\t\t\n\t<\/div>\n<\/article>\n <\/div>\n\t\t\t<\/div>\n\n\t\t\t<\/div><!-- .themetechmount-boxes-inner -->   <\/div><!-- .themetechmount-boxes -->  \t\t<\/div>\n\t\t\t\t<\/div>\n\t\t\t\t\t<\/div>\n\t\t<\/div>\n\t\t\t\t\t\t\t<\/div>\n\t\t<\/section>\n\t\t\t\t\t\t\t<\/div>\n\t\t","protected":false},"excerpt":{"rendered":"<p>Facebook Twitter LinkedIn Pinterest Berna Barut\u00e7u Dumanl\u0131 Kurucu Mimar Facebook Twitter LinkedIn Pinterest Erdin\u00e7 Dumanl\u0131 Kurucu Y. Makine M\u00fchendisi Facebook Twitter LinkedIn Pinterest Yasemin Kele\u015fo\u011flu Mimar Facebook Twitter LinkedIn Pinterest Bur\u00e7in Usta Mimar Facebook Twitter LinkedIn Pinterest Bet\u00fcl Alio\u011flu Y. Mimar Facebook Twitter LinkedIn Pinterest G\u00f6khan Sar\u0131 Makine M\u00fchendisi Facebook Twitter LinkedIn Pinterest Burhan Aksaman &hellip; <a href=\"https:\/\/www.dekolab.com\/?tm_team_member=joel-lou\" class=\"more-link\">Continue reading <span class=\"screen-reader-text\">Dursun \u015eahin<\/span><\/a><\/p>\n","protected":false},"author":2,"featured_media":0,"parent":0,"menu_order":16,"comment_status":"closed","ping_status":"closed","template":"","meta":{"footnotes":""},"class_list":["post-7629","page","type-page","status-publish","hentry"],"_links":{"self":[{"href":"https:\/\/www.dekolab.com\/index.php?rest_route=\/wp\/v2\/pages\/7629","targetHints":{"allow":["GET"]}}],"collection":[{"href":"https:\/\/www.dekolab.com\/index.php?rest_route=\/wp\/v2\/pages"}],"about":[{"href":"https:\/\/www.dekolab.com\/index.php?rest_route=\/wp\/v2\/types\/page"}],"author":[{"embeddable":true,"href":"https:\/\/www.dekolab.com\/index.php?rest_route=\/wp\/v2\/users\/2"}],"replies":[{"embeddable":true,"href":"https:\/\/www.dekolab.com\/index.php?rest_route=%2Fwp%2Fv2%2Fcomments&post=7629"}],"version-history":[{"count":16,"href":"https:\/\/www.dekolab.com\/index.php?rest_route=\/wp\/v2\/pages\/7629\/revisions"}],"predecessor-version":[{"id":12396,"href":"https:\/\/www.dekolab.com\/index.php?rest_route=\/wp\/v2\/pages\/7629\/revisions\/12396"}],"wp:attachment":[{"href":"https:\/\/www.dekolab.com\/index.php?rest_route=%2Fwp%2Fv2%2Fmedia&parent=7629"}],"curies":[{"name":"wp","href":"https:\/\/api.w.org\/{rel}","templated":true}]}}