{"id":2710,"date":"2021-03-31T04:26:23","date_gmt":"2021-03-31T04:26:23","guid":{"rendered":"http:\/\/localhost\/decorzo\/?page_id=2710"},"modified":"2022-08-01T00:14:00","modified_gmt":"2022-08-01T00:14:00","slug":"contact-us","status":"publish","type":"page","link":"https:\/\/www.dekolab.com\/?page_id=2710","title":{"rendered":"\u0130LET\u0130S\u0130M"},"content":{"rendered":"\t\t<div data-elementor-type=\"wp-page\" data-elementor-id=\"2710\" class=\"elementor elementor-2710\">\n\t\t\t\t\t\t\t\t\t<section class=\"elementor-section elementor-top-section elementor-element elementor-element-76a5e949 tm-column-break-ipad-no tm-col-stretched-none elementor-section-boxed elementor-section-height-default elementor-section-height-default\" data-id=\"76a5e949\" data-element_type=\"section\">\n\t\t\t\t\t\t<div class=\"elementor-container elementor-column-gap-default\">\n\t\t\t\t\t<div class=\"elementor-column elementor-col-100 elementor-top-column elementor-element elementor-element-7ec929a0\" data-id=\"7ec929a0\" data-element_type=\"column\">\n\t\t\t<div class=\"elementor-widget-wrap elementor-element-populated\">\n\t\t\t\t\t\t\t\t<div class=\"elementor-element elementor-element-ee6d2ad elementor-widget elementor-widget-text-editor\" data-id=\"ee6d2ad\" data-element_type=\"widget\" data-widget_type=\"text-editor.default\">\n\t\t\t\t<div class=\"elementor-widget-container\">\n\t\t\t<style>\/*! elementor - v3.6.7 - 03-07-2022 *\/\n.elementor-widget-text-editor.elementor-drop-cap-view-stacked .elementor-drop-cap{background-color:#818a91;color:#fff}.elementor-widget-text-editor.elementor-drop-cap-view-framed .elementor-drop-cap{color:#818a91;border:3px solid;background-color:transparent}.elementor-widget-text-editor:not(.elementor-drop-cap-view-default) .elementor-drop-cap{margin-top:8px}.elementor-widget-text-editor:not(.elementor-drop-cap-view-default) .elementor-drop-cap-letter{width:1em;height:1em}.elementor-widget-text-editor .elementor-drop-cap{float:left;text-align:center;line-height:1;font-size:50px}.elementor-widget-text-editor .elementor-drop-cap-letter{display:inline-block}<\/style>\t\t\t\t<h2><span style=\"letter-spacing: 0.3px;\">Telefon<\/span><\/h2><p><span style=\"color: var( --e-global-color-text ); font-family: var( --e-global-typography-text-font-family ), Sans-serif; font-size: 15px; font-weight: var( --e-global-typography-text-font-weight ); letter-spacing: 0.3px;\">+90 (216)5809635<\/span><\/p><h2 style=\"letter-spacing: 0.3px;\"><span style=\"letter-spacing: 0.3px;\">Faks<\/span><\/h2><p style=\"letter-spacing: 0.3px;\"><span style=\"color: var( --e-global-color-text ); font-family: var( --e-global-typography-text-font-family ), Sans-serif; font-size: 15px; font-weight: var( --e-global-typography-text-font-weight ); letter-spacing: 0.3px;\">+90 (216)5809636<\/span><\/p><h2>E-Posta Adresi<\/h2><p>info@dekoLAB.com<\/p><h2>Web\u00a0<\/h2><p>http:\/www.dekoLAB.com<\/p><h2>Adres<\/h2><p>DekoLAB Laboratuvar Sistemleri Dekorasyon \u0130n\u015faat Sanayi ve Ticaret Limited \u015eirketi<\/p><p>\u015eerifali Mah. K\u0131zkalesi Sok. No:15 ECT Plaza Giri\u015f Kat<\/p><p>34775 \u00dcmraniye &#8211; \u0130stanbul<\/p><h4>Vergi Dairesi<\/h4><p>Vergi Dairesi: Sar\u0131gazi VD &#8211; Vergi No: 273 0131237<\/p><p>Ticaret Sicil No: \u0130TO 404555<\/p>\t\t\t\t\t\t<\/div>\n\t\t\t\t<\/div>\n\t\t\t\t<div class=\"elementor-element elementor-element-a60c347 elementor-widget elementor-widget-google_maps\" data-id=\"a60c347\" data-element_type=\"widget\" data-widget_type=\"google_maps.default\">\n\t\t\t\t<div class=\"elementor-widget-container\">\n\t\t\t<style>\/*! elementor - v3.6.7 - 03-07-2022 *\/\n.elementor-widget-google_maps .elementor-widget-container{overflow:hidden}.elementor-widget-google_maps iframe{height:300px}<\/style>\t\t<div class=\"elementor-custom-embed\">\n\t\t\t<iframe frameborder=\"0\" scrolling=\"no\" marginheight=\"0\" marginwidth=\"0\"\n\t\t\t\t\tsrc=\"https:\/\/maps.google.com\/maps?q=DEKOLAB&#038;t=m&#038;z=19&#038;output=embed&#038;iwloc=near\"\n\t\t\t\t\ttitle=\"DEKOLAB\"\n\t\t\t\t\taria-label=\"DEKOLAB\"\n\t\t\t><\/iframe>\n\t\t<\/div>\n\t\t\t\t<\/div>\n\t\t\t\t<\/div>\n\t\t\t\t\t<\/div>\n\t\t<\/div>\n\t\t\t\t\t\t\t<\/div>\n\t\t<\/section>\n\t\t\t\t\t\t\t<\/div>\n\t\t","protected":false},"excerpt":{"rendered":"<p>Telefon +90 (216)5809635 Faks +90 (216)5809636 E-Posta Adresi info@dekoLAB.com Web\u00a0 http:\/www.dekoLAB.com Adres DekoLAB Laboratuvar Sistemleri Dekorasyon \u0130n\u015faat Sanayi ve Ticaret Limited \u015eirketi \u015eerifali Mah. K\u0131zkalesi Sok. No:15 ECT Plaza Giri\u015f Kat 34775 \u00dcmraniye &#8211; \u0130stanbul Vergi Dairesi Vergi Dairesi: Sar\u0131gazi VD &#8211; Vergi No: 273 0131237 Ticaret Sicil No: \u0130TO 404555<\/p>\n","protected":false},"author":2,"featured_media":0,"parent":0,"menu_order":14,"comment_status":"closed","ping_status":"closed","template":"","meta":{"footnotes":""},"class_list":["post-2710","page","type-page","status-publish","hentry"],"_links":{"self":[{"href":"https:\/\/www.dekolab.com\/index.php?rest_route=\/wp\/v2\/pages\/2710","targetHints":{"allow":["GET"]}}],"collection":[{"href":"https:\/\/www.dekolab.com\/index.php?rest_route=\/wp\/v2\/pages"}],"about":[{"href":"https:\/\/www.dekolab.com\/index.php?rest_route=\/wp\/v2\/types\/page"}],"author":[{"embeddable":true,"href":"https:\/\/www.dekolab.com\/index.php?rest_route=\/wp\/v2\/users\/2"}],"replies":[{"embeddable":true,"href":"https:\/\/www.dekolab.com\/index.php?rest_route=%2Fwp%2Fv2%2Fcomments&post=2710"}],"version-history":[{"count":26,"href":"https:\/\/www.dekolab.com\/index.php?rest_route=\/wp\/v2\/pages\/2710\/revisions"}],"predecessor-version":[{"id":11845,"href":"https:\/\/www.dekolab.com\/index.php?rest_route=\/wp\/v2\/pages\/2710\/revisions\/11845"}],"wp:attachment":[{"href":"https:\/\/www.dekolab.com\/index.php?rest_route=%2Fwp%2Fv2%2Fmedia&parent=2710"}],"curies":[{"name":"wp","href":"https:\/\/api.w.org\/{rel}","templated":true}]}}