{"id":11124,"date":"2022-07-20T12:29:54","date_gmt":"2022-07-20T12:29:54","guid":{"rendered":"https:\/\/www.dekolab.com\/?page_id=11124"},"modified":"2022-08-01T00:10:57","modified_gmt":"2022-08-01T00:10:57","slug":"projeler","status":"publish","type":"page","link":"https:\/\/www.dekolab.com\/?page_id=11124","title":{"rendered":"WESEMANN GRUP"},"content":{"rendered":"\t\t<div data-elementor-type=\"wp-page\" data-elementor-id=\"11124\" class=\"elementor elementor-11124\">\n\t\t\t\t\t\t\t\t\t<section class=\"elementor-section elementor-top-section elementor-element elementor-element-4ab3257f tm-column-break-ipad-no tm-col-stretched-none elementor-section-boxed elementor-section-height-default elementor-section-height-default\" data-id=\"4ab3257f\" data-element_type=\"section\">\n\t\t\t\t\t\t<div class=\"elementor-container elementor-column-gap-default\">\n\t\t\t\t\t<div class=\"elementor-column elementor-col-100 elementor-top-column elementor-element elementor-element-504030a6\" data-id=\"504030a6\" data-element_type=\"column\">\n\t\t\t<div class=\"elementor-widget-wrap elementor-element-populated\">\n\t\t\t\t\t\t\t\t<div class=\"elementor-element elementor-element-3d0ad9c elementor-widget elementor-widget-text-editor\" data-id=\"3d0ad9c\" data-element_type=\"widget\" data-widget_type=\"text-editor.default\">\n\t\t\t\t<div class=\"elementor-widget-container\">\n\t\t\t<style>\/*! elementor - v3.6.7 - 03-07-2022 *\/\n.elementor-widget-text-editor.elementor-drop-cap-view-stacked .elementor-drop-cap{background-color:#818a91;color:#fff}.elementor-widget-text-editor.elementor-drop-cap-view-framed .elementor-drop-cap{color:#818a91;border:3px solid;background-color:transparent}.elementor-widget-text-editor:not(.elementor-drop-cap-view-default) .elementor-drop-cap{margin-top:8px}.elementor-widget-text-editor:not(.elementor-drop-cap-view-default) .elementor-drop-cap-letter{width:1em;height:1em}.elementor-widget-text-editor .elementor-drop-cap{float:left;text-align:center;line-height:1;font-size:50px}.elementor-widget-text-editor .elementor-drop-cap-letter{display:inline-block}<\/style>\t\t\t\t<h2><em>\u00a0&#8216;<\/em>Wesemann Laboreinrichtungen GmbH&#8217; Temsilcili\u011fi<\/h2>\n<p><em>Dekolab, kuruldu\u011fu g\u00fcnden beri Almanya ve Avrupa\u2019n\u0131n en \u00f6nde gelen laboratuvar mobilyas\u0131 \u00fcreticilerinden<\/em><em>\u00a0<strong><a href=\"https:\/\/www.wesemann.com\/\">Wesemann Laboreinrichtungen GmbH<\/a><\/strong> firmas\u0131n\u0131n temsilcili\u011fini y\u00fcr\u00fctmektedir. Y\u0131llar i\u00e7inde bu sekt\u00f6re hizmet ve \u00fcr\u00fcn sa\u011flayan bir \u00e7ok firma ile i\u015f birli\u011fi sa\u011flanm\u0131\u015ft\u0131r.<img loading=\"lazy\" decoding=\"async\" class=\"alignnone size-full wp-image-11298\" src=\"https:\/\/www.dekolab.com\/wp-content\/uploads\/2022\/07\/logolar-2-scaled.jpg\" alt=\"\" width=\"2560\" height=\"264\" srcset=\"https:\/\/www.dekolab.com\/wp-content\/uploads\/2022\/07\/logolar-2-scaled.jpg 2560w, https:\/\/www.dekolab.com\/wp-content\/uploads\/2022\/07\/logolar-2-300x31.jpg 300w, https:\/\/www.dekolab.com\/wp-content\/uploads\/2022\/07\/logolar-2-1024x106.jpg 1024w, https:\/\/www.dekolab.com\/wp-content\/uploads\/2022\/07\/logolar-2-768x79.jpg 768w, https:\/\/www.dekolab.com\/wp-content\/uploads\/2022\/07\/logolar-2-1536x158.jpg 1536w, https:\/\/www.dekolab.com\/wp-content\/uploads\/2022\/07\/logolar-2-2048x211.jpg 2048w\" sizes=\"auto, (max-width: 2560px) 100vw, 2560px\" \/><\/em><\/p>\n<p><!-- \/wp:paragraph --><!-- wp:quote --><\/p>\n<blockquote class=\"wp-block-quote\">\n<p>Wesemann Laboratuvar Mobilyalar\u0131 firmas\u0131 Wemer Wesemann taraf\u0131ndan 1963 y\u0131l\u0131nda Bremen yak\u0131nlar\u0131ndaki Syke&#8217;de kurulmu\u015ftur. G\u00fcn\u00fcm\u00fczde Robert ve Frank Wesemann taraf\u0131ndan y\u00f6netilmekte olan firma d\u00fcnya \u00e7ap\u0131nda en \u00f6nde gelen laboratuvar mobilyas\u0131 \u00fcreticilerinden biri olmay\u0131 ba\u015farm\u0131\u015ft\u0131r.Syke&#8217;de yerle\u015fik olan merkez fabrikada t\u00fcm metal aksamlar ve tesisatlar ile ilgili i\u015flemler yap\u0131lmaktad\u0131r. Metal i\u015flemek ve boya i\u015flemleri i\u00e7in kullan\u0131lan robotlar sayesinde 350.000 mt profil i\u015flenebilmektedir. Alman mobilya end\u00fcstrisinin merkezlerinden Bad Salzuflen&#8217;de bulunan fabrika ise en modern teknolojiler kullan\u0131larak dolap ve mobilya aksam\u0131 \u00fcretimi ger\u00e7ekle\u015ftirmektedir.\u00a0<\/p>\n<\/blockquote>\n<p><em>Artan yurtd\u0131\u015f\u0131 talepler ile beraber 2001 y\u0131l\u0131nda Valentin Fischer ile beraber <strong><a href=\"https:\/\/www.wesemann-international.com\/en\/index.html\">Wesemann International<\/a><\/strong> kurulmu\u015ftur. Wangen im Allga\u00fc&#8217;de yerle\u015fik olan firma ihracat rakamlar\u0131n\u0131n her y\u0131l artmas\u0131nda b\u00fcy\u00fck rol oynam\u0131\u015ft\u0131r.<\/em><\/p>\n<p><!-- \/wp:quote --><!-- wp:paragraph --><\/p>\n<figure id=\"attachment_11302\" aria-describedby=\"caption-attachment-11302\" style=\"width: 1697px\" class=\"wp-caption alignleft\"><a href=\"https:\/\/www.dekolab.com\/wp-content\/uploads\/2022\/07\/WesemannSyke.jpg\"><img loading=\"lazy\" decoding=\"async\" class=\"wp-image-11302 size-full\" src=\"https:\/\/www.dekolab.com\/wp-content\/uploads\/2022\/07\/WesemannSyke.jpg\" alt=\"\" width=\"1697\" height=\"677\" srcset=\"https:\/\/www.dekolab.com\/wp-content\/uploads\/2022\/07\/WesemannSyke.jpg 1697w, https:\/\/www.dekolab.com\/wp-content\/uploads\/2022\/07\/WesemannSyke-300x120.jpg 300w, https:\/\/www.dekolab.com\/wp-content\/uploads\/2022\/07\/WesemannSyke-1024x409.jpg 1024w, https:\/\/www.dekolab.com\/wp-content\/uploads\/2022\/07\/WesemannSyke-768x306.jpg 768w, https:\/\/www.dekolab.com\/wp-content\/uploads\/2022\/07\/WesemannSyke-1536x613.jpg 1536w\" sizes=\"auto, (max-width: 1697px) 100vw, 1697px\" \/><\/a><figcaption id=\"caption-attachment-11302\" class=\"wp-caption-text\">Wesemann, Syke<\/figcaption><\/figure>\t\t\t\t\t\t<\/div>\n\t\t\t\t<\/div>\n\t\t\t\t\t<\/div>\n\t\t<\/div>\n\t\t\t\t\t\t\t<\/div>\n\t\t<\/section>\n\t\t\t\t\t\t\t<\/div>\n\t\t","protected":false},"excerpt":{"rendered":"<p>\u00a0&#8216;Wesemann Laboreinrichtungen GmbH&#8217; Temsilcili\u011fi Dekolab, kuruldu\u011fu g\u00fcnden beri Almanya ve Avrupa\u2019n\u0131n en \u00f6nde gelen laboratuvar mobilyas\u0131 \u00fcreticilerinden\u00a0Wesemann Laboreinrichtungen GmbH firmas\u0131n\u0131n temsilcili\u011fini y\u00fcr\u00fctmektedir. Y\u0131llar i\u00e7inde bu sekt\u00f6re hizmet ve \u00fcr\u00fcn sa\u011flayan bir \u00e7ok firma ile i\u015f birli\u011fi sa\u011flanm\u0131\u015ft\u0131r. Wesemann Laboratuvar Mobilyalar\u0131 firmas\u0131 Wemer Wesemann taraf\u0131ndan 1963 y\u0131l\u0131nda Bremen yak\u0131nlar\u0131ndaki Syke&#8217;de kurulmu\u015ftur. G\u00fcn\u00fcm\u00fczde Robert ve Frank Wesemann &hellip; <a href=\"https:\/\/www.dekolab.com\/?page_id=11124\" class=\"more-link\">Continue reading <span class=\"screen-reader-text\">WESEMANN GRUP<\/span><\/a><\/p>\n","protected":false},"author":2,"featured_media":0,"parent":0,"menu_order":2,"comment_status":"closed","ping_status":"closed","template":"elementor_header_footer","meta":{"footnotes":""},"class_list":["post-11124","page","type-page","status-publish","hentry"],"_links":{"self":[{"href":"https:\/\/www.dekolab.com\/index.php?rest_route=\/wp\/v2\/pages\/11124","targetHints":{"allow":["GET"]}}],"collection":[{"href":"https:\/\/www.dekolab.com\/index.php?rest_route=\/wp\/v2\/pages"}],"about":[{"href":"https:\/\/www.dekolab.com\/index.php?rest_route=\/wp\/v2\/types\/page"}],"author":[{"embeddable":true,"href":"https:\/\/www.dekolab.com\/index.php?rest_route=\/wp\/v2\/users\/2"}],"replies":[{"embeddable":true,"href":"https:\/\/www.dekolab.com\/index.php?rest_route=%2Fwp%2Fv2%2Fcomments&post=11124"}],"version-history":[{"count":43,"href":"https:\/\/www.dekolab.com\/index.php?rest_route=\/wp\/v2\/pages\/11124\/revisions"}],"predecessor-version":[{"id":11842,"href":"https:\/\/www.dekolab.com\/index.php?rest_route=\/wp\/v2\/pages\/11124\/revisions\/11842"}],"wp:attachment":[{"href":"https:\/\/www.dekolab.com\/index.php?rest_route=%2Fwp%2Fv2%2Fmedia&parent=11124"}],"curies":[{"name":"wp","href":"https:\/\/api.w.org\/{rel}","templated":true}]}}